{"id":11,"date":"2025-12-04T16:47:41","date_gmt":"2025-12-04T16:47:41","guid":{"rendered":"https:\/\/www.word.occipotes.fr\/?page_id=11"},"modified":"2025-12-17T17:42:08","modified_gmt":"2025-12-17T17:42:08","slug":"accueil","status":"publish","type":"page","link":"https:\/\/www.occipotes.fr\/","title":{"rendered":"Accueil"},"content":{"rendered":"\n<div id=\"wp-block-themeisle-blocks-countdown-60dc3d06\" data-date=\"2026-06-12T19:00:00\" class=\"wp-block-themeisle-blocks-countdown animated fadeInLeft delay-200ms slow\"><div class=\"otter-countdown__container\"><div class=\"otter-countdown__display\"><div name=\"day\" class=\"otter-countdown__display-area is-main-component\"><div class=\"otter-countdown__value\">0<\/div><div class=\"otter-countdown__label\">Day<\/div><\/div><div name=\"hour\" class=\"otter-countdown__display-area is-main-component\"><div class=\"otter-countdown__value\">0<\/div><div class=\"otter-countdown__label\">Hour<\/div><\/div><div name=\"minute\" class=\"otter-countdown__display-area is-main-component\"><div class=\"otter-countdown__value\">0<\/div><div class=\"otter-countdown__label\">Minute<\/div><\/div><\/div><\/div><\/div>\n\n\n\n<div style=\"height:100px\" aria-hidden=\"true\" class=\"wp-block-spacer\"><\/div>\n\n\n\n<figure class=\"wp-block-image aligncenter size-full has-custom-border animated fadeInUp slow delay-200ms\"><img fetchpriority=\"high\" decoding=\"async\" width=\"1024\" height=\"1024\" src=\"https:\/\/www.word.occipotes.fr\/wp-content\/uploads\/2025\/12\/Gemini_Generated_Image_5p55yk5p55yk5p55.png\" alt=\"\" class=\"has-border-color wp-image-239\" style=\"border-color:#000000;border-width:5px;border-top-left-radius:5px;border-top-right-radius:5px;border-bottom-left-radius:5px;border-bottom-right-radius:5px\" srcset=\"https:\/\/www.occipotes.fr\/wp-content\/uploads\/2025\/12\/Gemini_Generated_Image_5p55yk5p55yk5p55.png 1024w, https:\/\/www.occipotes.fr\/wp-content\/uploads\/2025\/12\/Gemini_Generated_Image_5p55yk5p55yk5p55-300x300.png 300w, https:\/\/www.occipotes.fr\/wp-content\/uploads\/2025\/12\/Gemini_Generated_Image_5p55yk5p55yk5p55-150x150.png 150w, https:\/\/www.occipotes.fr\/wp-content\/uploads\/2025\/12\/Gemini_Generated_Image_5p55yk5p55yk5p55-768x768.png 768w\" sizes=\"(max-width: 1024px) 100vw, 1024px\" \/><\/figure>\n\n\n\n<div style=\"height:100px\" aria-hidden=\"true\" class=\"wp-block-spacer\"><\/div>\n\n\n\n<h2 class=\"wp-block-heading has-text-align-center has-border-color has-black-border-color has-background\" style=\"border-style:solid;border-width:5px;border-top-left-radius:5px;border-top-right-radius:5px;border-bottom-left-radius:5px;border-bottom-right-radius:5px;background-color:#db9c69;margin-top:0;margin-right:0;margin-bottom:0;margin-left:0\">PROGRAMMATION<\/h2>\n\n\n\n<p class=\"has-black-color has-text-color\"><\/p>\n\n\n\n<h2 class=\"wp-block-heading has-text-align-center\">Programmation en Attente<\/h2>\n\n\n\n<p><\/p>\n\n\n\n<div class=\"wp-block-buttons animated zoomIn is-content-justification-center is-layout-flex wp-container-core-buttons-is-layout-a89b3969 wp-block-buttons-is-layout-flex\">\n<div class=\"wp-block-button has-custom-width wp-block-button__width-50 is-style-outline animated zoomIn slow delay-500ms is-style-outline--1\"><a class=\"wp-block-button__link has-background wp-element-button\" style=\"border-top-left-radius:125px;border-top-right-radius:125px;border-bottom-left-radius:125px;border-bottom-right-radius:125px;background-color:#cb6a7e\">JE R\u00c9serve<\/a><\/div>\n<\/div>\n\n\n\n<h2 class=\"wp-block-heading has-text-align-center has-border-color has-black-border-color has-background\" style=\"border-style:solid;border-width:5px;border-top-left-radius:5px;border-top-right-radius:5px;border-bottom-left-radius:5px;border-bottom-right-radius:5px;background-color:#aec96a\">L&rsquo;OCCI&rsquo;POTES c&rsquo;est quoi ?<\/h2>\n\n\n\n<p class=\"has-text-align-center has-black-color has-text-color has-medium-font-size\">L\u2019OCCI\u2019POTES, c\u2019est le rendez-vous cool, familial et 100% bonne humeur de Saint-Clar-de-Rivi\u00e8re !<br>Un festival imagin\u00e9 par le Comit\u00e9 des F\u00eates\u2026 mais surtout par une bande de potes passionn\u00e9s, d\u00e9cid\u00e9s \u00e0 faire vibrer le territoire !<\/p>\n\n\n\n<p class=\"has-text-align-center has-black-color has-text-color has-medium-font-size\">Au programme : March\u00e9 nocturne le vendredi, animations, talents d\u2019ici et d\u2019ailleurs le samedi, ambiance chaleureuse du Sud-Ouest, culture, solidarit\u00e9, convivialit\u00e9, \u00e9nergie positive&#8230;<\/p>\n\n\n\n<p class=\"has-text-align-center has-black-color has-text-color has-medium-font-size\">L\u2019OCCI\u2019POTES, c\u2019est un \u00e9v\u00e8nement qui fait rayonner notre commune, soutient la vie locale et r\u00e9unit toutes les g\u00e9n\u00e9rations.<br>On y vient pour partager un bon moment\u2026 et on repart forc\u00e9ment avec le sourire !<\/p>\n\n\n\n<div class=\"wp-block-columns is-layout-flex wp-container-core-columns-is-layout-28f84493 wp-block-columns-is-layout-flex\">\n<div class=\"wp-block-column is-layout-flow wp-block-column-is-layout-flow\">\n<figure class=\"wp-block-image size-large has-custom-border\"><img decoding=\"async\" width=\"1024\" height=\"747\" src=\"http:\/\/www.occipotes.fr\/wp-content\/uploads\/2025\/12\/Generated-Image-October-04-2025-8_45PM-1024x747.png\" alt=\"\" class=\"has-border-color has-black-border-color wp-image-422\" style=\"border-width:5px;border-top-left-radius:5px;border-top-right-radius:5px;border-bottom-left-radius:5px;border-bottom-right-radius:5px;aspect-ratio:1;object-fit:cover\" srcset=\"https:\/\/www.occipotes.fr\/wp-content\/uploads\/2025\/12\/Generated-Image-October-04-2025-8_45PM-1024x747.png 1024w, https:\/\/www.occipotes.fr\/wp-content\/uploads\/2025\/12\/Generated-Image-October-04-2025-8_45PM-300x219.png 300w, https:\/\/www.occipotes.fr\/wp-content\/uploads\/2025\/12\/Generated-Image-October-04-2025-8_45PM-768x560.png 768w, https:\/\/www.occipotes.fr\/wp-content\/uploads\/2025\/12\/Generated-Image-October-04-2025-8_45PM.png 1184w\" sizes=\"(max-width: 1024px) 100vw, 1024px\" \/><\/figure>\n<\/div>\n\n\n\n<div class=\"wp-block-column is-layout-flow wp-block-column-is-layout-flow\">\n<figure class=\"wp-block-image size-full has-custom-border\"><img decoding=\"async\" width=\"1024\" height=\"962\" src=\"http:\/\/www.occipotes.fr\/wp-content\/uploads\/2025\/12\/WhatsApp-Image-2025-12-17-at-18.32.21.jpeg\" alt=\"\" class=\"has-border-color has-black-border-color wp-image-424\" style=\"border-width:5px;border-top-left-radius:5px;border-top-right-radius:5px;border-bottom-left-radius:5px;border-bottom-right-radius:5px;aspect-ratio:1;object-fit:cover\" srcset=\"https:\/\/www.occipotes.fr\/wp-content\/uploads\/2025\/12\/WhatsApp-Image-2025-12-17-at-18.32.21.jpeg 1024w, https:\/\/www.occipotes.fr\/wp-content\/uploads\/2025\/12\/WhatsApp-Image-2025-12-17-at-18.32.21-300x282.jpeg 300w, https:\/\/www.occipotes.fr\/wp-content\/uploads\/2025\/12\/WhatsApp-Image-2025-12-17-at-18.32.21-768x722.jpeg 768w\" sizes=\"(max-width: 1024px) 100vw, 1024px\" \/><\/figure>\n<\/div>\n\n\n\n<div class=\"wp-block-column is-layout-flow wp-block-column-is-layout-flow\">\n<figure class=\"wp-block-image size-large has-custom-border\"><img loading=\"lazy\" decoding=\"async\" width=\"747\" height=\"1024\" src=\"http:\/\/www.occipotes.fr\/wp-content\/uploads\/2025\/12\/Generated-Image-October-04-2025-9_19PM-747x1024.png\" alt=\"\" class=\"has-border-color has-black-border-color wp-image-423\" style=\"border-width:5px;border-top-left-radius:5px;border-top-right-radius:5px;border-bottom-left-radius:5px;border-bottom-right-radius:5px;aspect-ratio:1;object-fit:cover\" srcset=\"https:\/\/www.occipotes.fr\/wp-content\/uploads\/2025\/12\/Generated-Image-October-04-2025-9_19PM-747x1024.png 747w, https:\/\/www.occipotes.fr\/wp-content\/uploads\/2025\/12\/Generated-Image-October-04-2025-9_19PM-219x300.png 219w, https:\/\/www.occipotes.fr\/wp-content\/uploads\/2025\/12\/Generated-Image-October-04-2025-9_19PM-768x1052.png 768w, https:\/\/www.occipotes.fr\/wp-content\/uploads\/2025\/12\/Generated-Image-October-04-2025-9_19PM.png 864w\" sizes=\"(max-width: 747px) 100vw, 747px\" \/><\/figure>\n<\/div>\n<\/div>\n\n\n\n<div class=\"wp-block-buttons is-content-justification-center is-layout-flex wp-container-core-buttons-is-layout-a89b3969 wp-block-buttons-is-layout-flex\">\n<div class=\"wp-block-button has-custom-width wp-block-button__width-50 is-style-outline animated zoomIn slow delay-500ms is-style-outline--2\"><a class=\"wp-block-button__link has-background has-text-align-center wp-element-button\" href=\"https:\/\/www.occipotes.fr\/index.php\/infos-pratiques\/\" style=\"border-top-left-radius:125px;border-top-right-radius:125px;border-bottom-left-radius:125px;border-bottom-right-radius:125px;background-color:#47b8bc\">INFOS PRATIQUES<\/a><\/div>\n<\/div>\n\n\n\n<h2 class=\"wp-block-heading has-text-align-center has-border-color has-black-border-color has-background\" style=\"border-style:solid;border-width:5px;border-top-left-radius:5px;border-top-right-radius:5px;border-bottom-left-radius:5px;border-bottom-right-radius:5px;background-color:#fbd601\">NOS SUPERS PARTENAIRES<\/h2>\n\n\n\n<p class=\"has-black-color has-text-color\">&#8211;<\/p>\n\n\n\n<p class=\"has-black-color has-text-color\">&#8211;<\/p>\n\n\n\n<p class=\"has-black-color has-text-color\">&#8211;<\/p>\n\n\n\n<h2 class=\"wp-block-heading has-text-align-center animated fadeIn slow delay-500ms has-border-color has-background\" style=\"border-color:#000000;border-style:solid;border-width:5px;border-top-left-radius:5px;border-top-right-radius:5px;border-bottom-left-radius:5px;border-bottom-right-radius:5px;background-color:#db9c69\">DEVENIR B\u00c9N\u00c9VOLE<\/h2>\n\n\n\n<p class=\"has-text-align-center has-medium-font-size\">Envie d\u2019une bonne dose de fun?<\/p>\n\n\n\n<p class=\"has-text-align-center has-medium-font-size\">On ne va pas se mentir, faire un festival, c\u2019est du sport et on a toujours besoin de bras. M\u00eame si tu as l\u2019agilit\u00e9 d\u2019un flamant rose !&nbsp;<\/p>\n\n\n\n<p class=\"has-text-align-center has-medium-font-size\">Ce qu\u2019on te propose, c\u2019est bien plus qu\u2019une mission : c\u2019est l\u2019occasion de vivre une aventure humaine incroyable en coulisses !<\/p>\n\n\n\n<p class=\"has-text-align-center has-medium-font-size\">Viens te faire une nouvelle bande de potes ! C\u2019est toujours plus facile autour d\u2019une caisse de mat\u00e9riel \u00e0 d\u00e9placer\u2026<\/p>\n\n\n\n<p class=\"has-text-align-center has-medium-font-size\">Viens contribuer \u00e0 la magie du festival! Et frimer un peu parce que \u201cc\u2019est toi qui l\u2019auras fait !\u201d<\/p>\n\n\n\n<p class=\"has-text-align-center has-medium-font-size\">Viens profiter d\u2019une ambiance de folie avec des gens ultra motiv\u00e9s !<\/p>\n\n\n\n<p class=\"has-text-align-center has-medium-font-size\">C\u2019est ouvert \u00e0 tous ! Aucun dipl\u00f4me requis, juste ta bonne humeur, ton \u00e9nergie et ta volont\u00e9 !<\/p>\n\n\n\n<p class=\"has-text-align-center has-medium-font-size\">Rejoins la famille de b\u00e9n\u00e9voles de L\u2019OCCI\u2019POTES et viens mettre le feu avec nous, on t\u2019attend \u00e0 bras ouverts ! Ne sois pas timide et contacte-nous !<\/p>\n\n\n\n<p><\/p>\n","protected":false},"excerpt":{"rendered":"<p>PROGRAMMATION Programmation en Attente L&rsquo;OCCI&rsquo;POTES c&rsquo;est quoi ? L\u2019OCCI\u2019POTES, c\u2019est le rendez-vous cool, familial et 100% bonne humeur de Saint-Clar-de-Rivi\u00e8re !Un festival imagin\u00e9 par le Comit\u00e9 des F\u00eates\u2026 mais surtout par une bande de potes passionn\u00e9s, d\u00e9cid\u00e9s \u00e0 faire vibrer le territoire ! Au programme : March\u00e9 nocturne le vendredi, animations, talents d\u2019ici et d\u2019ailleurs [&hellip;]<\/p>\n","protected":false},"author":3,"featured_media":0,"parent":0,"menu_order":0,"comment_status":"closed","ping_status":"closed","template":"","meta":{"_themeisle_gutenberg_block_has_review":false,"footnotes":""},"class_list":["post-11","page","type-page","status-publish"],"_links":{"self":[{"href":"https:\/\/www.occipotes.fr\/index.php\/wp-json\/wp\/v2\/pages\/11","targetHints":{"allow":["GET"]}}],"collection":[{"href":"https:\/\/www.occipotes.fr\/index.php\/wp-json\/wp\/v2\/pages"}],"about":[{"href":"https:\/\/www.occipotes.fr\/index.php\/wp-json\/wp\/v2\/types\/page"}],"author":[{"embeddable":true,"href":"https:\/\/www.occipotes.fr\/index.php\/wp-json\/wp\/v2\/users\/3"}],"replies":[{"embeddable":true,"href":"https:\/\/www.occipotes.fr\/index.php\/wp-json\/wp\/v2\/comments?post=11"}],"version-history":[{"count":127,"href":"https:\/\/www.occipotes.fr\/index.php\/wp-json\/wp\/v2\/pages\/11\/revisions"}],"predecessor-version":[{"id":426,"href":"https:\/\/www.occipotes.fr\/index.php\/wp-json\/wp\/v2\/pages\/11\/revisions\/426"}],"wp:attachment":[{"href":"https:\/\/www.occipotes.fr\/index.php\/wp-json\/wp\/v2\/media?parent=11"}],"curies":[{"name":"wp","href":"https:\/\/api.w.org\/{rel}","templated":true}]}}