{"id":345,"date":"2025-12-09T12:43:23","date_gmt":"2025-12-09T12:43:23","guid":{"rendered":"https:\/\/www.occipotes.fr\/?page_id=345"},"modified":"2026-01-21T15:57:47","modified_gmt":"2026-01-21T15:57:47","slug":"345-2","status":"publish","type":"page","link":"https:\/\/www.occipotes.fr\/index.php\/345-2\/","title":{"rendered":"Formulaire Contact B\u00e9n\u00e9voles"},"content":{"rendered":"\n<div class=\"wp-block-columns is-layout-flex wp-container-core-columns-is-layout-28f84493 wp-block-columns-is-layout-flex\">\n<div class=\"wp-block-column is-layout-flow wp-block-column-is-layout-flow\" style=\"flex-basis:50%\">\n<div class=\"wp-block-group alignfull is-layout-constrained wp-block-group-is-layout-constrained\">\n<div id=\"wp-block-themeisle-blocks-advanced-columns-40db0924\" class=\"wp-block-themeisle-blocks-advanced-columns alignfull has-2-columns has-desktop-equal-layout has-tablet-equal-layout has-mobile-equal-layout has-vertical-top ticss-c00aadba\"><div class=\"wp-block-themeisle-blocks-advanced-columns-overlay\"><\/div><div class=\"innerblocks-wrap\">\n<div id=\"wp-block-themeisle-blocks-advanced-column-006aede9\" class=\"wp-block-themeisle-blocks-advanced-column\">\n<div id=\"wp-block-themeisle-blocks-font-awesome-icons-2b7e7997\" class=\"wp-block-themeisle-blocks-font-awesome-icons\"><span class=\"wp-block-themeisle-blocks-font-awesome-icons-container\"><svg xmlns=\"http:\/\/www.w3.org\/2000\/svg\" viewBox=\"0 0 1800 1800\"><path d=\"M531.087,344.727c0.247,0,0.492,0.033,0.739,0.033h453.558c16.819,0,30.444-13.625,30.444-30.436 c0-16.815-13.625-30.435-30.444-30.435H638.226H531.826c-16.811,0-30.44,13.62-30.44,30.435 C501.386,330.885,514.624,344.331,531.087,344.727z\"><\/path><path d=\"M531.826,497.389h749.422c16.814,0,30.443-13.629,30.443-30.439c0-16.814-13.629-30.439-30.443-30.439 H531.826c-16.811,0-30.44,13.625-30.44,30.439C501.386,483.76,515.016,497.389,531.826,497.389z\"><\/path><path d=\"M531.826,650.009h749.422c16.814,0,30.443-13.633,30.443-30.444c0-8.872-3.822-16.827-9.877-22.389 c-5.424-4.982-12.625-8.046-20.566-8.046H531.826c-7.938,0-15.143,3.064-20.567,8.046c-6.054,5.562-9.873,13.517-9.873,22.389 C501.386,636.376,515.016,650.009,531.826,650.009z\"><\/path><path d=\"M1311.691,772.194c0-16.806-13.629-30.436-30.443-30.436H531.826c-16.811,0-30.44,13.629-30.44,30.436 c0,16.815,13.629,30.444,30.44,30.444h749.422C1298.063,802.638,1311.691,789.009,1311.691,772.194z\"><\/path><path d=\"M1772.088,533.511c-2.481-3.422-5.691-6.4-9.603-8.622l-246.454-139.961v-82.389v-9.853 c-1.264-7.738-5.432-14.501-11.406-19.066l-49.465-42.835l-131.073-113.508l-61.889-53.596c-5.286-4.582-11.866-7.021-18.591-7.275 h-2.197H937.55h-66.904H383.746c-47.809,0-86.705,38.895-86.705,86.696V382.15L61.554,515.893 c-31.678,11.565-54.396,41.913-54.396,77.54v1067.543c0,45.554,37.064,82.618,82.622,82.618h1625.598 c45.558,0,82.623-37.064,82.623-82.618V593.433C1798,569.839,1788.002,548.583,1772.088,533.511z M1614.426,510.814l92.579,52.583 l-11.661,8.301l-179.313,127.664V571.698v-60.883v-55.873L1614.426,510.814z M1405.5,267.454h-132.895V152.361L1405.5,267.454z M357.922,571.698v-60.883v-93.226v-70.01V143.102c0-14.239,11.585-25.825,25.824-25.825h379.699H886.73h34.734h123.285h167.617 v180.296c0,16.631,13.483,30.11,30.119,30.11h212.674v22.668v70.015v90.448v60.883V742.7l-397.298,282.87l-50.781,36.148 l-18.591,13.241l-81.088,57.728l-81.093-57.728l-18.611-13.25l-50.782-36.155L357.922,741.483V571.698z M193.76,510.814 l103.281-58.649v58.649v60.883V698.14L119.448,571.698l-14.597-10.395L193.76,510.814z M68.036,1648.984V609.822l229.005,163.047 l60.88,43.344L710.7,1067.38l-8.372,7.58l-67.267,60.871L68.036,1648.984z M121.495,1682.723l604.294-546.892l35.693-32.304 l45.37,32.304l82.897,59.028c5.283,3.76,11.462,5.637,17.653,5.637c6.187,0,12.369-1.877,17.652-5.637l82.889-59.028l45.354-32.286 l35.686,32.286l604.311,546.892H121.495z M1737.119,1640.271l-557.41-504.439l-67.267-60.871l-8.359-7.563l351.077-249.962 l60.871-43.348l221.088-157.407V1640.271z\"><\/path><\/svg><\/span><\/div>\n\n\n\n<h2 id=\"wp-block-themeisle-blocks-advanced-heading-8e35b90f\" class=\"wp-block-themeisle-blocks-advanced-heading wp-block-themeisle-blocks-advanced-heading-8e35b90f\">Rejoint les Potes! <\/h2>\n\n\n\n<p>Rejoint nous dans l&rsquo;aventure de l&rsquo;Occi&rsquo;potes Festival<\/p>\n\n\n\n<h6 id=\"wp-block-themeisle-blocks-advanced-heading-9b27b614\" class=\"wp-block-themeisle-blocks-advanced-heading wp-block-themeisle-blocks-advanced-heading-9b27b614\">Lien Sociaux <\/h6>\n\n\n\n<ul class=\"wp-block-social-links has-large-icon-size is-style-logos-only is-layout-flex wp-block-social-links-is-layout-flex\"><li class=\"wp-social-link wp-social-link-facebook  wp-block-social-link\"><a href=\"#\" class=\"wp-block-social-link-anchor\"><svg width=\"24\" height=\"24\" viewBox=\"0 0 24 24\" version=\"1.1\" xmlns=\"http:\/\/www.w3.org\/2000\/svg\" aria-hidden=\"true\" focusable=\"false\"><path d=\"M12 2C6.5 2 2 6.5 2 12c0 5 3.7 9.1 8.4 9.9v-7H7.9V12h2.5V9.8c0-2.5 1.5-3.9 3.8-3.9 1.1 0 2.2.2 2.2.2v2.5h-1.3c-1.2 0-1.6.8-1.6 1.6V12h2.8l-.4 2.9h-2.3v7C18.3 21.1 22 17 22 12c0-5.5-4.5-10-10-10z\"><\/path><\/svg><span class=\"wp-block-social-link-label screen-reader-text\">Facebook<\/span><\/a><\/li>\n\n<li class=\"wp-social-link wp-social-link-instagram  wp-block-social-link\"><a href=\"#\" class=\"wp-block-social-link-anchor\"><svg width=\"24\" height=\"24\" viewBox=\"0 0 24 24\" version=\"1.1\" xmlns=\"http:\/\/www.w3.org\/2000\/svg\" aria-hidden=\"true\" focusable=\"false\"><path d=\"M12,4.622c2.403,0,2.688,0.009,3.637,0.052c0.877,0.04,1.354,0.187,1.671,0.31c0.42,0.163,0.72,0.358,1.035,0.673 c0.315,0.315,0.51,0.615,0.673,1.035c0.123,0.317,0.27,0.794,0.31,1.671c0.043,0.949,0.052,1.234,0.052,3.637 s-0.009,2.688-0.052,3.637c-0.04,0.877-0.187,1.354-0.31,1.671c-0.163,0.42-0.358,0.72-0.673,1.035 c-0.315,0.315-0.615,0.51-1.035,0.673c-0.317,0.123-0.794,0.27-1.671,0.31c-0.949,0.043-1.233,0.052-3.637,0.052 s-2.688-0.009-3.637-0.052c-0.877-0.04-1.354-0.187-1.671-0.31c-0.42-0.163-0.72-0.358-1.035-0.673 c-0.315-0.315-0.51-0.615-0.673-1.035c-0.123-0.317-0.27-0.794-0.31-1.671C4.631,14.688,4.622,14.403,4.622,12 s0.009-2.688,0.052-3.637c0.04-0.877,0.187-1.354,0.31-1.671c0.163-0.42,0.358-0.72,0.673-1.035 c0.315-0.315,0.615-0.51,1.035-0.673c0.317-0.123,0.794-0.27,1.671-0.31C9.312,4.631,9.597,4.622,12,4.622 M12,3 C9.556,3,9.249,3.01,8.289,3.054C7.331,3.098,6.677,3.25,6.105,3.472C5.513,3.702,5.011,4.01,4.511,4.511 c-0.5,0.5-0.808,1.002-1.038,1.594C3.25,6.677,3.098,7.331,3.054,8.289C3.01,9.249,3,9.556,3,12c0,2.444,0.01,2.751,0.054,3.711 c0.044,0.958,0.196,1.612,0.418,2.185c0.23,0.592,0.538,1.094,1.038,1.594c0.5,0.5,1.002,0.808,1.594,1.038 c0.572,0.222,1.227,0.375,2.185,0.418C9.249,20.99,9.556,21,12,21s2.751-0.01,3.711-0.054c0.958-0.044,1.612-0.196,2.185-0.418 c0.592-0.23,1.094-0.538,1.594-1.038c0.5-0.5,0.808-1.002,1.038-1.594c0.222-0.572,0.375-1.227,0.418-2.185 C20.99,14.751,21,14.444,21,12s-0.01-2.751-0.054-3.711c-0.044-0.958-0.196-1.612-0.418-2.185c-0.23-0.592-0.538-1.094-1.038-1.594 c-0.5-0.5-1.002-0.808-1.594-1.038c-0.572-0.222-1.227-0.375-2.185-0.418C14.751,3.01,14.444,3,12,3L12,3z M12,7.378 c-2.552,0-4.622,2.069-4.622,4.622S9.448,16.622,12,16.622s4.622-2.069,4.622-4.622S14.552,7.378,12,7.378z M12,15 c-1.657,0-3-1.343-3-3s1.343-3,3-3s3,1.343,3,3S13.657,15,12,15z M16.804,6.116c-0.596,0-1.08,0.484-1.08,1.08 s0.484,1.08,1.08,1.08c0.596,0,1.08-0.484,1.08-1.08S17.401,6.116,16.804,6.116z\"><\/path><\/svg><span class=\"wp-block-social-link-label screen-reader-text\">Instagram<\/span><\/a><\/li><\/ul>\n<\/div>\n\n\n\n<div id=\"wp-block-themeisle-blocks-advanced-column-ee3078f9\" class=\"wp-block-themeisle-blocks-advanced-column\">\n<div id=\"wp-block-themeisle-blocks-form-c02278c7\" class=\"wp-block-themeisle-blocks-form\" data-option-name=\"bf9b28ff82ce323187abc5d0feb0d8f07ecd8436_c02278c7\"><form class=\"otter-form__container\">\n<div id=\"wp-block-themeisle-blocks-form-input-b7bbe5bf\" class=\"wp-block-themeisle-blocks-form-input\"><label for=\"wp-block-themeisle-blocks-form-input-b7bbe5bf-input\" class=\"otter-form-input-label\"><span class=\"otter-form-input-label__label\">Pr\u00e9nom<\/span><span class=\"required\">*<\/span><\/label><input type=\"text\" id=\"wp-block-themeisle-blocks-form-input-b7bbe5bf-input\" required class=\"otter-form-input\"\/><\/div>\n\n\n\n<div id=\"wp-block-themeisle-blocks-form-input-c3054412\" class=\"wp-block-themeisle-blocks-form-input\"><label for=\"wp-block-themeisle-blocks-form-input-c3054412-input\" class=\"otter-form-input-label\"><span class=\"otter-form-input-label__label\">Nom<\/span><span class=\"required\">*<\/span><\/label><input type=\"text\" id=\"wp-block-themeisle-blocks-form-input-c3054412-input\" required class=\"otter-form-input\"\/><\/div>\n\n\n\n<div id=\"wp-block-themeisle-blocks-form-input-29a17b60\" class=\"wp-block-themeisle-blocks-form-input\"><label for=\"wp-block-themeisle-blocks-form-input-29a17b60-input\" class=\"otter-form-input-label\"><span class=\"otter-form-input-label__label\">T\u00e9l\u00e9phone<\/span><span class=\"required\">*<\/span><\/label><input type=\"text\" id=\"wp-block-themeisle-blocks-form-input-29a17b60-input\" required class=\"otter-form-input\"\/><\/div>\n\n\n\n<div id=\"wp-block-themeisle-blocks-form-input-6cf151a8\" class=\"wp-block-themeisle-blocks-form-input\"><label for=\"wp-block-themeisle-blocks-form-input-6cf151a8-input\" class=\"otter-form-input-label\"><span class=\"otter-form-input-label__label\">Mail<\/span><span class=\"required\">*<\/span><\/label><input type=\"email\" id=\"wp-block-themeisle-blocks-form-input-6cf151a8-input\" required class=\"otter-form-input\"\/><\/div>\n\n\n\n<div id=\"wp-block-themeisle-blocks-form-textarea-516ebef1\" class=\"wp-block-themeisle-blocks-form-textarea\"><label for=\"wp-block-themeisle-blocks-form-textarea-516ebef1-input\" class=\"otter-form-textarea-label\"><span class=\"otter-form-textarea-label__label\">Message<\/span><\/label><textarea id=\"wp-block-themeisle-blocks-form-textarea-516ebef1-input\" rows=\"10\" class=\"otter-form-textarea-input\"><\/textarea><\/div>\n\n\n<div class=\" is-style-inline-list wp-block-themeisle-blocks-form-multiple-choice\" id=\"wp-block-themeisle-blocks-form-input-37bb4201\"><label class=\"otter-form-input-label\" >Groupe Souhaitez<span class=\"required\">*<\/span><\/label><div class=\"o-form-choices\"><div class=\"o-form-multiple-choice-field\"><input type=\"checkbox\" name=\"wp-block-themeisle-blocks-form-input-37bb4201\" id=\"field-Communication_\" value=\"Communication_\" required \/><label for=\"field-Communication_\" class=\"o-form-choice-label\">Communication <\/label><\/div><div class=\"o-form-multiple-choice-field\"><input type=\"checkbox\" name=\"wp-block-themeisle-blocks-form-input-37bb4201\" id=\"field-Buvette\" value=\"Buvette\" required \/><label for=\"field-Buvette\" class=\"o-form-choice-label\">Buvette<\/label><\/div><div class=\"o-form-multiple-choice-field\"><input type=\"checkbox\" name=\"wp-block-themeisle-blocks-form-input-37bb4201\" id=\"field-Logistique\" value=\"Logistique\" required \/><label for=\"field-Logistique\" class=\"o-form-choice-label\">Logistique<\/label><\/div><div class=\"o-form-multiple-choice-field\"><input type=\"checkbox\" name=\"wp-block-themeisle-blocks-form-input-37bb4201\" id=\"field-S\u00e9curit\u00e9\" value=\"S\u00e9curit\u00e9\" required \/><label for=\"field-S\u00e9curit\u00e9\" class=\"o-form-choice-label\">S\u00e9curit\u00e9<\/label><\/div><div class=\"o-form-multiple-choice-field\"><input type=\"checkbox\" name=\"wp-block-themeisle-blocks-form-input-37bb4201\" id=\"field-Artistes_\" value=\"Artistes_\" required \/><label for=\"field-Artistes_\" class=\"o-form-choice-label\">Artistes <\/label><\/div><div class=\"o-form-multiple-choice-field\"><input type=\"checkbox\" name=\"wp-block-themeisle-blocks-form-input-37bb4201\" id=\"field-Village_ASSO\" value=\"Village_ASSO\" required \/><label for=\"field-Village_ASSO\" class=\"o-form-choice-label\">Village ASSO<\/label><\/div><div class=\"o-form-multiple-choice-field\"><input type=\"checkbox\" name=\"wp-block-themeisle-blocks-form-input-37bb4201\" id=\"field-Accueil_et_Relation_public_\" value=\"Accueil_et_Relation_public_\" required \/><label for=\"field-Accueil_et_Relation_public_\" class=\"o-form-choice-label\">Accueil et Relation public <\/label><\/div><div class=\"o-form-multiple-choice-field\"><input type=\"checkbox\" name=\"wp-block-themeisle-blocks-form-input-37bb4201\" id=\"field-Technique_\" value=\"Technique_\" required \/><label for=\"field-Technique_\" class=\"o-form-choice-label\">Technique <\/label><\/div><div class=\"o-form-multiple-choice-field\"><input type=\"checkbox\" name=\"wp-block-themeisle-blocks-form-input-37bb4201\" id=\"field-Parking\" value=\"Parking\" required \/><label for=\"field-Parking\" class=\"o-form-choice-label\">Parking<\/label><\/div><\/div><span class=\"o-form-help\">Si possible suivant les disponibilis\u00e9es ( plusieurs choix possible ) <\/span><\/div>\n\n\n<p class=\"has-extra-small-font-size\">En soumettant ce formulaire, vous acceptez de recevoir des communications par courriel de notre part.<\/p>\n\n\n\n<p class=\"has-extra-small-font-size\"><\/p>\n\n\n<div class=\"protection\" aria-hidden=\"true\"><input type=\"hidden\" id=\"wp-block-themeisle-blocks-form-c02278c7_nonce_field\" name=\"wp-block-themeisle-blocks-form-c02278c7_nonce_field\" value=\"4c7a42c43b\" \/><input type=\"hidden\" name=\"_wp_http_referer\" value=\"\/index.php\/wp-json\/wp\/v2\/pages\/345\" \/><input class=\"o-anti-bot\" type=\"checkbox\"><\/div><div class=\"wp-block-button\"><button class=\"wp-block-button__link\" type=\"submit\">Submit<\/button><\/div><\/form><\/div>\n<\/div>\n<\/div><\/div>\n<\/div>\n<\/div>\n\n\n\n<div class=\"wp-block-column is-layout-flow wp-block-column-is-layout-flow\" style=\"flex-basis:50%\">\n<p><\/p>\n\n\n\n<p class=\"has-border-color has-black-border-color\" style=\"border-width:13px;padding-top:var(--wp--preset--spacing--50);padding-bottom:var(--wp--preset--spacing--50)\"><\/p>\n\n\n\n<h3 class=\"wp-block-heading\">La FAQ du b\u00e9n\u00e9vole<\/h3>\n\n\n\n<details class=\"wp-block-details has-medium-font-size is-layout-flow wp-block-details-is-layout-flow\"><summary><strong>Le b\u00e9n\u00e9volat, qu\u2019est-ce que c\u2019est ?<\/strong><\/summary>\n<p id=\"viewer-2vqu1\">L\u00e9galement, c\u2019est s\u2019engager librement pour mener des actions non-salari\u00e9es en direction d\u2019autrui, en dehors de son temps professionnel et familial .<\/p>\n\n\n\n<p id=\"viewer-315tr\">Personnellement, c\u2019est choisir de donner de son temps pour un projet dans lequel on souhaite s\u2019investir. C\u2019est rencontrer des personnes de tout horizon, mais unies par un int\u00e9r\u00eat commun et des valeurs telles que le partage, l\u2019entraide ou l\u2019ouverture aux autres. C\u2019est comprendre la force de l\u2019action collective, pour \u0153uvrer pour la culture et soutenir le monde du spectacle. C\u2019est contribuer \u00e0 son \u00e9chelle \u00e0 la r\u00e9ussite d\u2019un \u00e9v\u00e9nement qui rassemble des milliers de personnes. Pas mal non ?<\/p>\n<\/details>\n\n\n\n<details class=\"wp-block-details has-medium-font-size is-layout-flow wp-block-details-is-layout-flow\"><summary><strong>Pourquoi devenir b\u00e9n\u00e9vole sur L&rsquo;Occipotes ?<\/strong><\/summary>\n<p id=\"viewer-2vqu1\">Le bien-\u00eatre de nos b\u00e9n\u00e9voles est au c\u0153ur de nos priorit\u00e9s.<\/p>\n\n\n\n<p id=\"viewer-70ajr\">L\u2019association est connue pour sa bonne ch\u00e8re et sa convivialit\u00e9. Le festival t\u2019offre l\u2019acc\u00e8s complet \u00e0 tous les concerts et animations sur le sites, en dehors de tes heures de b\u00e9n\u00e9volat . <\/p>\n<\/details>\n\n\n\n<details class=\"wp-block-details has-medium-font-size is-layout-flow wp-block-details-is-layout-flow\"><summary><strong>Je suis mineur, puis-je faire du b\u00e9n\u00e9volat ?<\/strong><\/summary>\n<p>Nous acceptons les mineurs de 16 ans r\u00e9volus, avec toutefois quelques particularit\u00e9s : tu ne pourras pas travailler au-del\u00e0 de 22h ni sur des postes au contact de l\u2019alcool ou l\u2019argent. Une autorisation sign\u00e9e avec la carte d&rsquo;identit\u00e9 de tes repr\u00e9sentants l\u00e9gaux est n\u00e9cessaire pour prendre en compte ton inscription.<\/p>\n<\/details>\n\n\n\n<details class=\"wp-block-details has-medium-font-size is-layout-flow wp-block-details-is-layout-flow\"><summary><strong>Suis-je couvert par une assurance sur le festival ?<\/strong><\/summary>\n<p>Oui, notre assurance te couvre d\u00e8s ton arriv\u00e9e et jusqu\u2019\u00e0 ton d\u00e9part du site, sans que tu aies besoin d\u2019adh\u00e9rer \u00e0 l\u2019association !<\/p>\n<\/details>\n\n\n\n<details class=\"wp-block-details has-medium-font-size is-layout-flow wp-block-details-is-layout-flow\"><summary><strong>Comment se passe le recrutement ?<\/strong><\/summary>\n<p>Le recrutement commence au 1er f\u00e9vrier et jusqu\u2019\u00e0 obtention des effectifs demand\u00e9s par chaque p\u00f4le d\u2019activit\u00e9.<\/p>\n\n\n\n<p id=\"viewer-f9ie7\">Il se fait en plusieurs \u00e9tapes : il faudra compl\u00e9ter le formulaire d\u2019inscription avec tes disponibilit\u00e9s et pr\u00e9f\u00e9rences d\u2019affectation aux diff\u00e9rentes missions propos\u00e9es, puis finaliser ton inscription en envoyant les justificatifs demand\u00e9s (photo, permis si ton \u00e9quipe le n\u00e9cessite). Tu devras \u00e9galement signer la charte des b\u00e9n\u00e9voles qui d\u00e9finit les valeurs du festival et les comportements \u00e0 \u00e9viter pour que tous passent un bon moment.<\/p>\n<\/details>\n\n\n\n<details class=\"wp-block-details has-medium-font-size is-layout-flow wp-block-details-is-layout-flow\"><summary><strong>Y\u2019a-t-il un endroit o\u00f9 je peux dormir sur place ?<\/strong><\/summary>\n<p>Non ! <\/p>\n<\/details>\n\n\n\n<details class=\"wp-block-details has-medium-font-size is-layout-flow wp-block-details-is-layout-flow\"><summary><strong>Comment pr\u00e9parer mon arriv\u00e9e sur le festival ?<\/strong><\/summary>\n<p>Depuis ton inscription en tant que b\u00e9n\u00e9vole jusqu\u2019apr\u00e8s ton d\u00e9part du site, tu es en contact avec ta Responsable B\u00e9n\u00e9voles avec qui tu pourras \u00e9changer librement. Elle t\u2019affectera \u00e0 un, &#8211; ou des &#8211; P\u00f4les d\u2019Activit\u00e9 en fonction de tes pr\u00e9f\u00e9rences, te communiquera tes plannings et toutes les infos n\u00e9cessaires \u00e0 ta vie sur le festival. Ton Responsable de P\u00f4le t\u2019indiquera quant \u00e0 lui toutes les sp\u00e9cificit\u00e9s des missions qui te seront attribu\u00e9es.<\/p>\n<\/details>\n\n\n\n<details class=\"wp-block-details has-medium-font-size is-layout-flow wp-block-details-is-layout-flow\"><summary><strong>Que dois-je emmener sur le festival ?<\/strong><\/summary>\n<p>\u00c9quipe-toi correctement pour la dur\u00e9e de ton s\u00e9jour sur le festival !<\/p>\n\n\n\n<p id=\"viewer-6a11d\">Les essentiels \u00e0 ne pas oublier : pense \u00e0 prendre une pi\u00e8ce d\u2019identit\u00e9, une gourde, un chargeur de t\u00e9l\u00e9phone, des chaussures de marche, de quoi te prot\u00e9ger du soleil, du froid ou de la pluie et le n\u00e9cessaire pour ton hygi\u00e8ne personnelle.<\/p>\n<\/details>\n\n\n\n<details class=\"wp-block-details has-medium-font-size is-layout-flow wp-block-details-is-layout-flow\"><summary><strong>Est-ce que les b\u00e9n\u00e9voles peuvent emmener leurs animaux ?<\/strong><\/summary>\n<p>Non, il n\u2019est pas possible d\u2019emmener ses animaux sur le site du festival.<\/p>\n<\/details>\n\n\n\n<details class=\"wp-block-details has-medium-font-size is-layout-flow wp-block-details-is-layout-flow\"><summary><strong>Comment s\u2019organise ma journ\u00e9e de b\u00e9n\u00e9vole?<\/strong><\/summary>\n<p>Nous te demanderons environ 5h de shift (temps de travail), pour chaque jour de pr\u00e9sence. Ton planning te sera communiqu\u00e9 \u00e0 l\u2019avance, avec des shifts en rotation pour permettre \u00e0 tous les b\u00e9n\u00e9voles de voir des concerts. Vous serez r\u00e9partis en \u00e9quipes selon vos pr\u00e9f\u00e9rences d\u2019affectation vers les P\u00f4les d\u2019activit\u00e9 choisis via le formulaire d\u2019inscription. De cette fa\u00e7on, tu ne vas pas t\u2019\u00e9puiser et garder la possibilit\u00e9 de profiter du festival en dehors de tes heures travaill\u00e9es. <\/p>\n\n\n\n<p id=\"viewer-atf0a\">Tous les jours, nous proc\u00e9dons ensemble au \u00ab Rateau \u00bb, pour faire le tour du site et l\u2019entretenir rapidement (changer les poubelles et ramasser les quelques d\u00e9chets au sol). Sur tes moments libres, tu peux profiter des diff\u00e9rentes animations et concerts, ou te d\u00e9tendre \u00e0 l\u2019Espace B\u00e9n\u00e9voles ou t\u2019attendent un bar et des jeux juste pour vous !<\/p>\n<\/details>\n\n\n\n<details class=\"wp-block-details has-medium-font-size is-layout-flow wp-block-details-is-layout-flow\"><summary><strong>Si j\u2019ai un probl\u00e8me sur le festival, vers qui dois-je m\u2019orienter ?<\/strong><\/summary>\n<p id=\"viewer-atf0a\">Si c\u2019est un probl\u00e8me personnel ou en lien avec ta vie sur le festival, tu peux t\u2019adresser directement \u00e0 ta Responsable b\u00e9n\u00e9voles. S\u2019il s\u2019agit d\u2019un probl\u00e8me technique li\u00e9 \u00e0 une de tes missions, c\u2019est ton Responsable de P\u00f4le qu\u2019il faudra contacter.<\/p>\n<\/details>\n\n\n\n<details class=\"wp-block-details has-medium-font-size is-layout-flow wp-block-details-is-layout-flow\"><summary><strong>En tant que b\u00e9n\u00e9vole, comment se restaurer sur le festival ?<\/strong><\/summary>\n<p>Le nombre de repas fournis est calcul\u00e9 selon les shifts pr\u00e9vus sur ton planning. Nous te les communiquerons en m\u00eame temps que celui-ci, environ 2 semaines avant le festival. Au moins un repas par jour sera pris en charge. L\u2019acc\u00e8s au Catering (la cantine r\u00e9serv\u00e9e aux b\u00e9n\u00e9voles) et la gratuit\u00e9 aux stands sont possibles sur pr\u00e9sentation d\u2019une carte personnelle qui te sera remise \u00e0 ton arriv\u00e9e. En cas de probl\u00e8me, parles-en \u00e0 ton Responsable de P\u00f4le qui fera le n\u00e9cessaire.<\/p>\n<\/details>\n\n\n\n<details class=\"wp-block-details has-medium-font-size is-layout-flow wp-block-details-is-layout-flow\"><summary><strong>Est-il possible de changer de shift le jour J ?<\/strong><\/summary>\n<p>Non, il n\u2019est pas possible de changer le jour J. En t\u2019inscrivant, tu t\u2019engages \u00e0 \u00eatre pr\u00e9sent aux horaires choisis. La r\u00e9partition \u00e9tant faite en amont en tenant compte des besoins des diff\u00e9rents p\u00f4les, il est difficile d\u2019effectuer des changements lors du week-end. Si tu dois toutefois changer de cr\u00e9neau le jour J, tu devras trouver par toi-m\u00eame la personne avec qui inverser ton cr\u00e9neau, et en informer imm\u00e9diatement ton Responsable ET la Responsable b\u00e9n\u00e9voles.<\/p>\n<\/details>\n\n\n\n<details class=\"wp-block-details has-medium-font-size is-layout-flow wp-block-details-is-layout-flow\"><summary><strong>Et apr\u00e8s le festival ?<\/strong><\/summary>\n<h3 class=\"wp-block-heading\"><\/h3>\n\n\n\n<p id=\"viewer-atf0a\">Ton avis compte ! Nous ne manquerons pas de demander un retour sur ton exp\u00e9rience, ni de recueillir tes id\u00e9es si tu as des axes d\u2019am\u00e9lioration \u00e0 proposer ! Sans les b\u00e9n\u00e9voles, pas de festival ! Ton bien-\u00eatre est au c\u0153ur de nos priorit\u00e9s, et nous ferons le maximum pour te laisser le meilleur des souvenirs, avec la vocation de faire mieux chaque ann\u00e9e.<\/p>\n<\/details>\n\n\n\n<p><strong>Si tu n&rsquo;as pas trouv\u00e9 l\u2019information que tu cherches dans cette FAQ, tu peux nous contacter directement \u00e0<\/strong> contact@occipotes.fr<\/p>\n<\/div>\n<\/div>\n\n\n\n<p><\/p>\n","protected":false},"excerpt":{"rendered":"<p>La FAQ du b\u00e9n\u00e9vole Si tu n&rsquo;as pas trouv\u00e9 l\u2019information que tu cherches dans cette FAQ, tu peux nous contacter directement \u00e0 contact@occipotes.fr<\/p>\n","protected":false},"author":2,"featured_media":0,"parent":0,"menu_order":0,"comment_status":"closed","ping_status":"closed","template":"","meta":{"_themeisle_gutenberg_block_has_review":false,"footnotes":""},"class_list":["post-345","page","type-page","status-publish"],"_links":{"self":[{"href":"https:\/\/www.occipotes.fr\/index.php\/wp-json\/wp\/v2\/pages\/345","targetHints":{"allow":["GET"]}}],"collection":[{"href":"https:\/\/www.occipotes.fr\/index.php\/wp-json\/wp\/v2\/pages"}],"about":[{"href":"https:\/\/www.occipotes.fr\/index.php\/wp-json\/wp\/v2\/types\/page"}],"author":[{"embeddable":true,"href":"https:\/\/www.occipotes.fr\/index.php\/wp-json\/wp\/v2\/users\/2"}],"replies":[{"embeddable":true,"href":"https:\/\/www.occipotes.fr\/index.php\/wp-json\/wp\/v2\/comments?post=345"}],"version-history":[{"count":13,"href":"https:\/\/www.occipotes.fr\/index.php\/wp-json\/wp\/v2\/pages\/345\/revisions"}],"predecessor-version":[{"id":438,"href":"https:\/\/www.occipotes.fr\/index.php\/wp-json\/wp\/v2\/pages\/345\/revisions\/438"}],"wp:attachment":[{"href":"https:\/\/www.occipotes.fr\/index.php\/wp-json\/wp\/v2\/media?parent=345"}],"curies":[{"name":"wp","href":"https:\/\/api.w.org\/{rel}","templated":true}]}}